{"id":67,"date":"2022-09-17T15:55:55","date_gmt":"2022-09-17T22:55:55","guid":{"rendered":"https:\/\/goldenbayhp.wpengine.com\/?page_id=67"},"modified":"2025-02-07T17:41:19","modified_gmt":"2025-02-08T01:41:19","slug":"about-us","status":"publish","type":"page","link":"https:\/\/gbhp.org\/vi\/about-us\/","title":{"rendered":"V\u1ec0 CH\u00daNG T\u00d4I"},"content":{"rendered":"<div class=\"fusion-fullwidth fullwidth-box fusion-builder-row-1 fusion-flex-container has-pattern-background has-mask-background nonhundred-percent-fullwidth non-hundred-percent-height-scrolling\" style=\"background-color: rgba(255,255,255,0);background-position: center center;background-repeat: no-repeat;border-width: 0px 0px 0px 0px;border-color:var(--awb-color3);border-style:solid;\" ><div class=\"fusion-builder-row fusion-row fusion-flex-align-items-flex-start\" style=\"max-width:1248px;margin-left: calc(-4% \/ 2 );margin-right: calc(-4% \/ 2 );\"><div class=\"fusion-layout-column fusion_builder_column fusion-builder-column-0 fusion_builder_column_1_2 1_2 fusion-flex-column\"><div class=\"fusion-column-wrapper fusion-flex-justify-content-flex-start fusion-content-layout-column\" style=\"background-position:left top;background-repeat:no-repeat;-webkit-background-size:cover;-moz-background-size:cover;-o-background-size:cover;background-size:cover;padding: 0px 0px 0px 0px;\"><div class=\"fusion-text fusion-text-1 fusion-animated\" data-animationtype=\"fadeInLeft\" data-animationduration=\"1.0\" data-animationoffset=\"top-into-view\"><p>Golden Bay Health Plan (GBHP) l\u00e0 m\u1ed9t ch\u01b0\u01a1ng tr\u00ecnh b\u1ea3o hi\u1ec3m s\u1ee9c kh\u1ecfe \u0111\u01b0\u1ee3c c\u1ea5p ph\u00e9p th\u00e0nh l\u1eadp v\u00e0o n\u0103m 2022. V\u1edbi gi\u1ea5y ph\u00e9p b\u1ea3o hi\u1ec3m s\u1ee9c kh\u1ecfe Knox-Keene h\u1ea1n ch\u1ebf, GBHP h\u1ee3p t\u00e1c v\u1edbi c\u00e1c ch\u01b0\u01a1ng tr\u00ecnh kh\u00e1c \u0111\u1ec3 ph\u1ee5c v\u1ee5 c\u01b0 d\u00e2n Medicare Advantage t\u1ea1i Qu\u1eadn San Francisco.<\/p>\n<p>GBHP h\u1ee3p t\u00e1c v\u1edbi North East Medical Services (NEMS) v\u00e0 T\u1ed5 ch\u1ee9c d\u1ecbch v\u1ee5 qu\u1ea3n l\u00fd (MSO) c\u1ee7a h\u1ecd \u0111\u1ec3 c\u00f3 \u0111\u01b0\u1ee3c chuy\u00ean m\u00f4n trong c\u00e1c d\u1ecbch v\u1ee5 qu\u1ea3n l\u00fd y t\u1ebf bao g\u1ed3m Qu\u1ea3n l\u00fd s\u1eed d\u1ee5ng, X\u1eed l\u00fd khi\u1ebfu n\u1ea1i, Qu\u1ea3n l\u00fd tr\u01b0\u1eddng h\u1ee3p, \u0110i\u1ec1u ph\u1ed1i ch\u0103m s\u00f3c v\u00e0 Qu\u1ea3n l\u00fd m\u1ea1ng l\u01b0\u1edbi nh\u00e0 cung c\u1ea5p. M\u1ea1ng l\u01b0\u1edbi nh\u00e0 cung c\u1ea5p c\u1ee7a GBHP bao g\u1ed3m c\u00e1c nh\u00e0 cung c\u1ea5p ch\u1ea5t l\u01b0\u1ee3ng c\u00f3 v\u0103n ph\u00f2ng t\u1ea1i c\u00e1c qu\u1eadn San Francisco, San Mateo v\u00e0 Santa Clara.<\/p>\n<p>Th\u00f4ng qua cam k\u1ebft cung c\u1ea5p c\u00e1c d\u1ecbch v\u1ee5 ph\u00f9 h\u1ee3p v\u1edbi v\u0103n h\u00f3a, Golden Bay Health Plan n\u1ed7 l\u1ef1c \u0111\u1ea3m b\u1ea3o c\u00e1c th\u00e0nh vi\u00ean c\u1ee7a ch\u00fang t\u00f4i c\u00f3 th\u1ec3 d\u1ec5 d\u00e0ng ti\u1ebfp c\u1eadn d\u1ecbch v\u1ee5 ch\u0103m s\u00f3c m\u00e0 h\u1ecd c\u1ea7n.<\/p>\n<p>Nh\u1ea5p chu\u1ed9t <a href=\"https:\/\/goldenbayhp.wpengine.com\/for-members\/our-networks\/\"><strong>\u0111\u00e2y<\/strong> <\/a>\u0111\u1ec3 xem danh s\u00e1ch c\u00e1c k\u1ebf ho\u1ea1ch ch\u00fang t\u00f4i \u0111ang tri\u1ec3n khai!<\/p>\n<\/div><\/div><style type=\"text\/css\">.fusion-body .fusion-builder-column-0{width:50% !important;margin-top : 50px;margin-bottom : 20px;}.fusion-builder-column-0 > .fusion-column-wrapper {padding-top : 0px !important;padding-right : 0px !important;margin-right : 3.84%;padding-bottom : 0px !important;padding-left : 0px !important;margin-left : 3.84%;}@media only screen and (max-width:1024px) {.fusion-body .fusion-builder-column-0{width:50% !important;order : 0;}.fusion-builder-column-0 > .fusion-column-wrapper {margin-right : 3.84%;margin-left : 3.84%;}}@media only screen and (max-width:640px) {.fusion-body .fusion-builder-column-0{width:100% !important;order : 0;}.fusion-builder-column-0 > .fusion-column-wrapper {margin-right : 1.92%;margin-left : 1.92%;}}<\/style><\/div><div class=\"fusion-layout-column fusion_builder_column fusion-builder-column-1 fusion_builder_column_1_2 1_2 fusion-flex-column\"><div class=\"fusion-column-wrapper fusion-flex-justify-content-flex-start fusion-content-layout-column\" style=\"background-position:left top;background-repeat:no-repeat;-webkit-background-size:cover;-moz-background-size:cover;-o-background-size:cover;background-size:cover;padding: 0px 0px 0px 0px;\"><div class=\"fusion-no-small-visibility\"><span class=\"fusion-imageframe imageframe-none imageframe-1 hover-type-none fusion-animated fusion-no-small-visibility\" data-animationtype=\"fadeInRight\" data-animationduration=\"0.8\" data-animationoffset=\"top-into-view\"><img decoding=\"async\" width=\"900\" height=\"783\" title=\"img-v\u1ec1\" src=\"https:\/\/goldenbayhp.wpengine.com\/wp-content\/uploads\/img-about.jpg\" alt class=\"img-responsive wp-image-139\" srcset=\"https:\/\/gbhp.org\/wp-content\/uploads\/img-about-200x174.jpg 200w, https:\/\/gbhp.org\/wp-content\/uploads\/img-about-400x348.jpg 400w, https:\/\/gbhp.org\/wp-content\/uploads\/img-about-600x522.jpg 600w, https:\/\/gbhp.org\/wp-content\/uploads\/img-about-800x696.jpg 800w, https:\/\/gbhp.org\/wp-content\/uploads\/img-about.jpg 900w\" sizes=\"(max-width: 640px) 100vw, 600px\" \/><\/span><\/div><\/div><style type=\"text\/css\">.fusion-body .fusion-builder-column-1{width:50% !important;margin-top : 0px;margin-bottom : 0px;}.fusion-builder-column-1 > .fusion-column-wrapper {padding-top : 0px !important;padding-right : 0px !important;margin-right : 3.84%;padding-bottom : 0px !important;padding-left : 0px !important;margin-left : 3.84%;}@media only screen and (max-width:1024px) {.fusion-body .fusion-builder-column-1{width:50% !important;order : 0;}.fusion-builder-column-1 > .fusion-column-wrapper {margin-right : 3.84%;margin-left : 3.84%;}}@media only screen and (max-width:640px) {.fusion-body .fusion-builder-column-1{width:100% !important;order : 0;}.fusion-builder-column-1 > .fusion-column-wrapper {margin-right : 1.92%;margin-left : 1.92%;}}<\/style><\/div><\/div><style type=\"text\/css\">.fusion-body .fusion-flex-container.fusion-builder-row-1{ padding-top : 0px;margin-top : 0px;padding-right : 0px;padding-bottom : 0px;margin-bottom : 0px;padding-left : 0px;}<\/style><\/div>","protected":false},"excerpt":{"rendered":"","protected":false},"author":2,"featured_media":0,"parent":0,"menu_order":1,"comment_status":"closed","ping_status":"closed","template":"","meta":{"footnotes":""},"class_list":["post-67","page","type-page","status-publish","hentry"],"_links":{"self":[{"href":"https:\/\/gbhp.org\/vi\/wp-json\/wp\/v2\/pages\/67","targetHints":{"allow":["GET"]}}],"collection":[{"href":"https:\/\/gbhp.org\/vi\/wp-json\/wp\/v2\/pages"}],"about":[{"href":"https:\/\/gbhp.org\/vi\/wp-json\/wp\/v2\/types\/page"}],"author":[{"embeddable":true,"href":"https:\/\/gbhp.org\/vi\/wp-json\/wp\/v2\/users\/2"}],"replies":[{"embeddable":true,"href":"https:\/\/gbhp.org\/vi\/wp-json\/wp\/v2\/comments?post=67"}],"version-history":[{"count":0,"href":"https:\/\/gbhp.org\/vi\/wp-json\/wp\/v2\/pages\/67\/revisions"}],"wp:attachment":[{"href":"https:\/\/gbhp.org\/vi\/wp-json\/wp\/v2\/media?parent=67"}],"curies":[{"name":"wp","href":"https:\/\/api.w.org\/{rel}","templated":true}]}}