{"id":189,"date":"2022-10-05T09:30:40","date_gmt":"2022-10-05T16:30:40","guid":{"rendered":"https:\/\/goldenbayhp.wpengine.com\/?page_id=189"},"modified":"2023-12-21T19:47:48","modified_gmt":"2023-12-22T03:47:48","slug":"claims","status":"publish","type":"page","link":"https:\/\/gbhp.org\/vi\/for-providers\/claims\/","title":{"rendered":"Y\u00eau c\u1ea7u b\u1ed3i th\u01b0\u1eddng"},"content":{"rendered":"<div class=\"fusion-fullwidth fullwidth-box fusion-builder-row-1 fusion-flex-container has-pattern-background has-mask-background nonhundred-percent-fullwidth non-hundred-percent-height-scrolling\" style=\"background-color: rgba(255,255,255,0);background-position: center center;background-repeat: no-repeat;border-width: 0px 0px 0px 0px;border-color:var(--awb-color3);border-style:solid;\" ><div class=\"fusion-builder-row fusion-row fusion-flex-align-items-flex-start\" style=\"max-width:1248px;margin-left: calc(-4% \/ 2 );margin-right: calc(-4% \/ 2 );\"><div class=\"fusion-layout-column fusion_builder_column fusion-builder-column-0 fusion_builder_column_1_1 1_1 fusion-flex-column\"><div class=\"fusion-column-wrapper fusion-flex-justify-content-flex-start fusion-content-layout-column\" style=\"background-position:left top;background-repeat:no-repeat;-webkit-background-size:cover;-moz-background-size:cover;-o-background-size:cover;background-size:cover;padding: 0px 0px 0px 0px;\"><div class=\"fusion-text fusion-text-1\"><p><strong>K\u1ebf ho\u1ea1ch ch\u0103m s\u00f3c s\u1ee9c kh\u1ecfe Golden Bay<\/strong> \u0111\u1ea1i bi\u1ec3u y\u00eau c\u1ea7u x\u1eed l\u00fd thanh to\u00e1n cho <strong>T\u1ed5 ch\u1ee9c d\u1ecbch v\u1ee5 qu\u1ea3n l\u00fd d\u1ecbch v\u1ee5 y t\u1ebf \u0110\u00f4ng B\u1eafc<\/strong> (NEMS MSO). NEMS MSO ch\u1ea5p nh\u1eadn c\u00e1c khi\u1ebfu n\u1ea1i \u0111\u01b0\u1ee3c g\u1eedi qua \u0111\u01b0\u1eddng \u0111i\u1ec7n t\u1eed ho\u1eb7c tr\u00ean gi\u1ea5y qua th\u01b0.<\/p>\n<h5>N\u1ed9p y\u00eau c\u1ea7u EDI<\/h5>\n<p>Y\u00eau c\u1ea7u thanh to\u00e1n EDI c\u00f3 th\u1ec3 \u0111\u01b0\u1ee3c g\u1eedi \u0111i\u1ec7n t\u1eed th\u00f4ng qua m\u1ed9t trong nh\u1eefng trung t\u00e2m thanh to\u00e1n \u0111\u1ed1i t\u00e1c c\u1ee7a NEMS MSO.<\/p>\n<\/div><div class=\"fusion-builder-row fusion-builder-row-inner fusion-row fusion-flex-align-items-flex-start\" style=\"width:104% !important;max-width:104% !important;margin-left: calc(-4% \/ 2 );margin-right: calc(-4% \/ 2 );\"><div class=\"fusion-layout-column fusion_builder_column_inner fusion-builder-nested-column-0 fusion_builder_column_inner_1_6 1_6 fusion-flex-column\"><div class=\"fusion-column-wrapper fusion-flex-justify-content-flex-start fusion-content-layout-column\" style=\"background-position:left top;background-repeat:no-repeat;-webkit-background-size:cover;-moz-background-size:cover;-o-background-size:cover;background-size:cover;padding: 0px 0px 0px 0px;\"><\/div><style type=\"text\/css\">.fusion-body .fusion-builder-nested-column-0{width:16.6666666667% !important;margin-top : 0px;margin-bottom : 20px;}.fusion-builder-nested-column-0 > .fusion-column-wrapper {padding-top : 0px !important;padding-right : 0px !important;margin-right : 11.52%;padding-bottom : 0px !important;padding-left : 0px !important;margin-left : 11.52%;}@media only screen and (max-width:1024px) {.fusion-body .fusion-builder-nested-column-0{width:16.6666666667% !important;order : 0;}.fusion-builder-nested-column-0 > .fusion-column-wrapper {margin-right : 11.52%;margin-left : 11.52%;}}@media only screen and (max-width:640px) {.fusion-body .fusion-builder-nested-column-0{width:100% !important;order : 0;}.fusion-builder-nested-column-0 > .fusion-column-wrapper {margin-right : 1.92%;margin-left : 1.92%;}}<\/style><\/div><div class=\"fusion-layout-column fusion_builder_column_inner fusion-builder-nested-column-1 fusion_builder_column_inner_1_2 1_2 fusion-flex-column\"><div class=\"fusion-column-wrapper fusion-flex-justify-content-flex-start fusion-content-layout-column\" style=\"background-position:left top;background-repeat:no-repeat;-webkit-background-size:cover;-moz-background-size:cover;-o-background-size:cover;background-size:cover;padding: 0px 0px 0px 0px;\">\n<div class=\"table-2\">\n<table width=\"100%\">\n<thead>\n<tr>\n<th align=\"left\">Trung t\u00e2m thanh to\u00e1n b\u00f9 tr\u1eeb<\/th>\n<th style=\"text-align: center;\" align=\"left\">ID ng\u01b0\u1eddi tr\u1ea3 ti\u1ec1n<\/th>\n<\/tr>\n<\/thead>\n<tbody>\n<tr>\n<td align=\"left\">Y\u00eau c\u1ea7u b\u1ed3i th\u01b0\u1eddng<br \/>\nS\u1ee9c kh\u1ecfe Experian<br \/>\nC\u00f4ng ty TNHH eSolutions<br \/>\nC\u00f4ng ty TNHH nThrive<br \/>\nGi\u1ea3i ph\u00e1p cung c\u1ea5p Trizetto, LLC<br \/>\nQuaTrack<br \/>\nNg\u00f4i sao \u0111\u01b0\u1eddng<br \/>\nC\u00f4ng ty TNHH ZirMed<\/td>\n<td style=\"text-align: center;\" align=\"left\">GBHP<\/td>\n<\/tr>\n<tr>\n<td align=\"left\">C\u00f4ng ty TNHH V\u0103n ph\u00f2ng Ally<\/td>\n<td style=\"text-align: center;\" align=\"left\">GBHP1<\/td>\n<\/tr>\n<\/tbody>\n<\/table>\n<\/div>\n<\/div><style type=\"text\/css\">.fusion-body .fusion-builder-nested-column-1{width:50% !important;margin-top : 0px;margin-bottom : 0px;}.fusion-builder-nested-column-1 > .fusion-column-wrapper {padding-top : 0px !important;padding-right : 0px !important;margin-right : 3.84%;padding-bottom : 0px !important;padding-left : 0px !important;margin-left : 3.84%;}@media only screen and (max-width:1024px) {.fusion-body .fusion-builder-nested-column-1{width:50% !important;order : 0;}.fusion-builder-nested-column-1 > .fusion-column-wrapper {margin-right : 3.84%;margin-left : 3.84%;}}@media only screen and (max-width:640px) {.fusion-body .fusion-builder-nested-column-1{width:100% !important;order : 0;}.fusion-builder-nested-column-1 > .fusion-column-wrapper {margin-right : 1.92%;margin-left : 1.92%;}}<\/style><\/div><div class=\"fusion-layout-column fusion_builder_column_inner fusion-builder-nested-column-2 fusion_builder_column_inner_1_4 1_4 fusion-flex-column\"><div class=\"fusion-column-wrapper fusion-flex-justify-content-flex-start fusion-content-layout-column\" style=\"background-position:left top;background-repeat:no-repeat;-webkit-background-size:cover;-moz-background-size:cover;-o-background-size:cover;background-size:cover;padding: 0px 0px 0px 0px;\"><\/div><style type=\"text\/css\">.fusion-body .fusion-builder-nested-column-2{width:25% !important;margin-top : 0px;margin-bottom : 20px;}.fusion-builder-nested-column-2 > .fusion-column-wrapper {padding-top : 0px !important;padding-right : 0px !important;margin-right : 7.68%;padding-bottom : 0px !important;padding-left : 0px !important;margin-left : 7.68%;}@media only screen and (max-width:1024px) {.fusion-body .fusion-builder-nested-column-2{width:25% !important;order : 0;}.fusion-builder-nested-column-2 > .fusion-column-wrapper {margin-right : 7.68%;margin-left : 7.68%;}}@media only screen and (max-width:640px) {.fusion-body .fusion-builder-nested-column-2{width:100% !important;order : 0;}.fusion-builder-nested-column-2 > .fusion-column-wrapper {margin-right : 1.92%;margin-left : 1.92%;}}<\/style><\/div><\/div><div class=\"fusion-text fusion-text-2\" style=\"margin-top:20px;\"><p>\u0110\u1ec3 h\u1ecfi v\u1ec1 c\u00e1c trung t\u00e2m thanh to\u00e1n kh\u00f4ng \u0111\u01b0\u1ee3c li\u1ec7t k\u00ea, vui l\u00f2ng li\u00ean h\u1ec7 v\u1edbi Quan h\u1ec7 nh\u00e0 cung c\u1ea5p NEMS MSO t\u1ea1i <a href=\"mailto:Provider.Relations@nems.org\"><strong>Nh\u00e0 cung c\u1ea5p.Relations@nems.org<\/strong><\/a>.<\/p>\n<p>C\u00f3 th\u1ec3 tham kh\u1ea3o c\u00e1c h\u01b0\u1edbng d\u1eabn b\u1ed5 sung sau \u0111\u00e2y \u0111\u1ec3 th\u1ef1c hi\u1ec7n c\u00e1c giao d\u1ecbch y\u00eau c\u1ea7u b\u1ed3i th\u01b0\u1eddng c\u1ee7a t\u1ed5 ch\u1ee9c v\u00e0 chuy\u00ean gia \u0111i\u1ec7n t\u1eed 837:<\/p>\n<ul>\n<li>Chuy\u00ean nghi\u1ec7p - <strong><a href=\"https:\/\/gbhp.org\/wp-content\/uploads\/NEMS-MSO-837P-HIPAA-Companion-Guide.pdf\" target=\"_blank\" rel=\"noopener\">H\u01b0\u1edbng d\u1eabn \u0111\u1ed3ng h\u00e0nh NEMS MSO 837P HIPAA 5010A1<\/a><\/strong><\/li>\n<li>Th\u1ec3 ch\u1ebf \u2013 <strong><a href=\"https:\/\/gbhp.org\/wp-content\/uploads\/NEMS-MSO-837I-HIPAA-Companion-Guide.pdf\" target=\"_blank\" rel=\"noopener\">H\u01b0\u1edbng d\u1eabn \u0111\u1ed3ng h\u00e0nh NEMS MSO 837I HIPAA 5010A2<\/a><\/strong><\/li>\n<\/ul>\n<h5>N\u1ed9p \u0111\u01a1n khi\u1ebfu n\u1ea1i gi\u1ea5y t\u1edd<\/h5>\n<p>C\u00e1c khi\u1ebfu n\u1ea1i gi\u1ea5y t\u1edd v\u00e0 b\u1ea5t k\u1ef3 t\u00e0i li\u1ec7u h\u1ed7 tr\u1ee3 n\u00e0o c\u00f3 th\u1ec3 \u0111\u01b0\u1ee3c g\u1eedi qua \u0111\u01b0\u1eddng b\u01b0u \u0111i\u1ec7n \u0111\u1ebfn NEMS MSO. C\u00e1c khi\u1ebfu n\u1ea1i gi\u1ea5y t\u1edd ph\u1ea3i n\u1eb1m trong m\u1eabu khi\u1ebfu n\u1ea1i g\u1ed1c hi\u1ec7n h\u00e0nh v\u00e0 ti\u00eau chu\u1ea9n. NEMS MSO kh\u00f4ng ch\u1ea5p nh\u1eadn c\u00e1c b\u1ea3n sao khi\u1ebfu n\u1ea1i \u0111\u01b0\u1ee3c g\u1eedi qua fax.<\/p>\n<h5>\u0110\u1ecba ch\u1ec9 g\u1eedi th\u01b0 khi\u1ebfu n\u1ea1i<\/h5>\n<\/div><div class=\"fusion-builder-row fusion-builder-row-inner fusion-row fusion-flex-align-items-flex-start\" style=\"width:104% !important;max-width:104% !important;margin-left: calc(-4% \/ 2 );margin-right: calc(-4% \/ 2 );\"><div class=\"fusion-layout-column fusion_builder_column_inner fusion-builder-nested-column-3 fusion_builder_column_inner_1_3 1_3 fusion-flex-column\"><div class=\"fusion-column-wrapper fusion-flex-justify-content-flex-start fusion-content-layout-column\" style=\"background-position:left top;background-repeat:no-repeat;-webkit-background-size:cover;-moz-background-size:cover;-o-background-size:cover;background-size:cover;padding: 0px 0px 0px 0px;\"><div ><style>.fusion-imageframe.imageframe-1{ margin-top : 20px;margin-bottom : 20px;}<\/style><span class=\"fusion-imageframe imageframe-none imageframe-1 hover-type-none\"><img decoding=\"async\" width=\"20\" height=\"20\" title=\"kho\u1ea3ng c\u00e1ch\" src=\"https:\/\/gbhp.org\/wp-content\/uploads\/spacer.png\" alt class=\"img-responsive wp-image-298\"\/><\/span><\/div><div class=\"fusion-content-boxes content-boxes columns row fusion-columns-1 fusion-columns-total-1 fusion-content-boxes-1 content-boxes-icon-boxed content-left\" data-animationoffset=\"top-into-view\" style=\"margin-top:;margin-bottom:0px;\"><style type=\"text\/css\">.fusion-content-boxes-1 .heading .content-box-heading {color:var(--awb-color5);}\n\t\t\t\t\t.fusion-content-boxes-1 .fusion-content-box-hover .link-area-link-icon-hover .heading .content-box-heading,\n\t\t\t\t\t.fusion-content-boxes-1 .fusion-content-box-hover .link-area-link-icon-hover .heading .heading-link .content-box-heading,\n\t\t\t\t\t.fusion-content-boxes-1 .fusion-content-box-hover .link-area-box-hover .heading .content-box-heading,\n\t\t\t\t\t.fusion-content-boxes-1 .fusion-content-box-hover .link-area-box-hover .heading .heading-link .content-box-heading,\n\t\t\t\t\t.fusion-content-boxes-1 .fusion-content-box-hover .link-area-link-icon-hover.link-area-box .fusion-read-more,\n\t\t\t\t\t.fusion-content-boxes-1 .fusion-content-box-hover .link-area-link-icon-hover.link-area-box .fusion-read-more::after,\n\t\t\t\t\t.fusion-content-boxes-1 .fusion-content-box-hover .link-area-link-icon-hover.link-area-box .fusion-read-more::before,\n\t\t\t\t\t.fusion-content-boxes-1 .fusion-content-box-hover .fusion-read-more:hover:after,\n\t\t\t\t\t.fusion-content-boxes-1 .fusion-content-box-hover .fusion-read-more:hover:before,\n\t\t\t\t\t.fusion-content-boxes-1 .fusion-content-box-hover .fusion-read-more:hover,\n\t\t\t\t\t.fusion-content-boxes-1 .fusion-content-box-hover .link-area-box-hover.link-area-box .fusion-read-more,\n\t\t\t\t\t.fusion-content-boxes-1 .fusion-content-box-hover .link-area-box-hover.link-area-box .fusion-read-more::after,\n\t\t\t\t\t.fusion-content-boxes-1 .fusion-content-box-hover .link-area-box-hover.link-area-box .fusion-read-more::before,\n\t\t\t\t\t.fusion-content-boxes-1 .fusion-content-box-hover .link-area-link-icon-hover .icon .circle-no,\n\t\t\t\t\t.fusion-content-boxes-1 .heading .heading-link:hover .content-box-heading {\n\t\t\t\t\t\tcolor: var(--awb-color7);\n\t\t\t\t\t}\n\t\t\t\t\t.fusion-content-boxes-1 .fusion-content-box-hover .link-area-box-hover .icon .circle-no {\n\t\t\t\t\t\tcolor: var(--awb-color7) !important;\n\t\t\t\t\t}.fusion-content-boxes-1 .fusion-content-box-hover .link-area-box.link-area-box-hover .fusion-content-box-button {background: #f5862a;color: var(--awb-color1);}.fusion-content-boxes-1 .fusion-content-box-hover .link-area-box.link-area-box-hover .fusion-content-box-button .fusion-button-text {color: var(--awb-color1);}\n\t\t\t\t\t.fusion-content-boxes-1 .fusion-content-box-hover .link-area-link-icon-hover .heading .icon > span {\n\t\t\t\t\t\tbackground-color: transparent !important;\n\t\t\t\t\t}\n\t\t\t\t\t.fusion-content-boxes-1 .fusion-content-box-hover .link-area-box-hover .heading .icon > span {\n\t\t\t\t\t\tborder-color: var(--awb-color7) !important;\n\t\t\t\t\t}<\/style><div class=\"fusion-column content-box-column content-box-column content-box-column-1 col-lg-12 col-md-12 col-sm-12 fusion-content-box-hover content-box-column-last content-box-column-last-in-row\"><div class=\"col content-box-wrapper content-wrapper-background content-wrapper-boxed link-area-link-icon content-icon-wrapper-yes icon-hover-animation-slide fusion-animated\" style=\"background-color:var(--awb-color3);\" data-animationtype=\"fadeInLeft\" data-animationduration=\"0.3\" data-animationoffset=\"top-into-view\"><div class=\"heading heading-with-icon icon-left\"><div style=\"margin-left:-30px;top:-80px;\" aria-hidden=\"true\" class=\"image\"><img decoding=\"async\" src=\"https:\/\/goldenbayhp.wpengine.com\/wp-content\/uploads\/NEMS-icon.png\" width=\"60\" height=\"60\" alt=\"\" \/><\/div><h3 class=\"content-box-heading\" style=\"font-size:24px;line-height:29px;\">Y\u00eau c\u1ea7u b\u1ed3i th\u01b0\u1eddng c\u1ee7a NEMS MSO<\/h3><\/div><div class=\"fusion-clearfix\"><\/div><div class=\"content-container\" style=\"color:var(--awb-color7);\">\n<p>H\u1ed8P TH\u01af 1548<br \/>\nSan Leandro, CA 94577<\/p>\n<\/div><\/div><\/div><style type=\"text\/css\">\n\t\t\t\t\t\t.fusion-content-boxes-1 .fusion-content-box-hover .heading-link:hover .icon i.circle-yes,\n\t\t\t\t\t\t.fusion-content-boxes-1 .fusion-content-box-hover .link-area-box:hover .heading-link .icon i.circle-yes,\n\t\t\t\t\t\t.fusion-content-boxes-1 .fusion-content-box-hover .link-area-link-icon-hover .heading .icon i.circle-yes,\n\t\t\t\t\t\t.fusion-content-boxes-1 .fusion-content-box-hover .link-area-box-hover .heading .icon i.circle-yes {\n\t\t\t\t\t\t\tbackground-color: transparent !important;\n\t\t\t\t\t\t\tborder-color: var(--awb-color7) !important;\n\t\t\t\t\t\t}<\/style><div class=\"fusion-clearfix\"><\/div><\/div><\/div><style type=\"text\/css\">.fusion-body .fusion-builder-nested-column-3{width:33.3333333333% !important;margin-top : 0px;margin-bottom : 0px;}.fusion-builder-nested-column-3 > .fusion-column-wrapper {padding-top : 0px !important;padding-right : 0px !important;margin-right : 5.76%;padding-bottom : 0px !important;padding-left : 0px !important;margin-left : 5.76%;}@media only screen and (max-width:1024px) {.fusion-body .fusion-builder-nested-column-3{width:33.3333333333% !important;order : 0;}.fusion-builder-nested-column-3 > .fusion-column-wrapper {margin-right : 5.76%;margin-left : 5.76%;}}@media only screen and (max-width:640px) {.fusion-body .fusion-builder-nested-column-3{width:100% !important;order : 0;}.fusion-builder-nested-column-3 > .fusion-column-wrapper {margin-right : 1.92%;margin-left : 1.92%;}}<\/style><\/div><div class=\"fusion-layout-column fusion_builder_column_inner fusion-builder-nested-column-4 fusion_builder_column_inner_1_3 1_3 fusion-flex-column\"><div class=\"fusion-column-wrapper fusion-flex-justify-content-flex-start fusion-content-layout-column\" style=\"background-position:left top;background-repeat:no-repeat;-webkit-background-size:cover;-moz-background-size:cover;-o-background-size:cover;background-size:cover;padding: 0px 0px 0px 0px;\"><\/div><style type=\"text\/css\">.fusion-body .fusion-builder-nested-column-4{width:33.3333333333% !important;margin-top : 0px;margin-bottom : 0px;}.fusion-builder-nested-column-4 > .fusion-column-wrapper {padding-top : 0px !important;padding-right : 0px !important;margin-right : 5.76%;padding-bottom : 0px !important;padding-left : 0px !important;margin-left : 5.76%;}@media only screen and (max-width:1024px) {.fusion-body .fusion-builder-nested-column-4{width:33.3333333333% !important;order : 0;}.fusion-builder-nested-column-4 > .fusion-column-wrapper {margin-right : 5.76%;margin-left : 5.76%;}}@media only screen and (max-width:640px) {.fusion-body .fusion-builder-nested-column-4{width:100% !important;order : 0;}.fusion-builder-nested-column-4 > .fusion-column-wrapper {margin-right : 1.92%;margin-left : 1.92%;}}<\/style><\/div><div class=\"fusion-layout-column fusion_builder_column_inner fusion-builder-nested-column-5 fusion_builder_column_inner_1_3 1_3 fusion-flex-column\"><div class=\"fusion-column-wrapper fusion-flex-justify-content-flex-start fusion-content-layout-column\" style=\"background-position:left top;background-repeat:no-repeat;-webkit-background-size:cover;-moz-background-size:cover;-o-background-size:cover;background-size:cover;padding: 0px 0px 0px 0px;\"><\/div><style type=\"text\/css\">.fusion-body .fusion-builder-nested-column-5{width:33.3333333333% !important;margin-top : 0px;margin-bottom : 0px;}.fusion-builder-nested-column-5 > .fusion-column-wrapper {padding-top : 0px !important;padding-right : 0px !important;margin-right : 5.76%;padding-bottom : 0px !important;padding-left : 0px !important;margin-left : 5.76%;}@media only screen and (max-width:1024px) {.fusion-body .fusion-builder-nested-column-5{width:33.3333333333% !important;order : 0;}.fusion-builder-nested-column-5 > .fusion-column-wrapper {margin-right : 5.76%;margin-left : 5.76%;}}@media only screen and (max-width:640px) {.fusion-body .fusion-builder-nested-column-5{width:100% !important;order : 0;}.fusion-builder-nested-column-5 > .fusion-column-wrapper {margin-right : 1.92%;margin-left : 1.92%;}}<\/style><\/div><\/div><div class=\"fusion-text fusion-text-3 fusion-text-no-margin\" style=\"margin-top:0px;margin-bottom:0px;\"><p>\u0110\u1ec3 bi\u1ebft th\u00eam th\u00f4ng tin, vui l\u00f2ng truy c\u1eadp <a href=\"https:\/\/www.nemsmso.org\/claims-pdr\/\" target=\"_blank\" rel=\"noopener\"><strong>Trang web NEMS MSO<\/strong><\/a>.<\/p>\n<\/div><\/div><style type=\"text\/css\">.fusion-body .fusion-builder-column-0{width:100% !important;margin-top : 0px;margin-bottom : 20px;}.fusion-builder-column-0 > .fusion-column-wrapper {padding-top : 0px !important;padding-right : 0px !important;margin-right : 1.92%;padding-bottom : 0px !important;padding-left : 0px !important;margin-left : 1.92%;}@media only screen and (max-width:1024px) {.fusion-body .fusion-builder-column-0{width:100% !important;order : 0;}.fusion-builder-column-0 > .fusion-column-wrapper {margin-right : 1.92%;margin-left : 1.92%;}}@media only screen and (max-width:640px) {.fusion-body .fusion-builder-column-0{width:100% !important;order : 0;}.fusion-builder-column-0 > .fusion-column-wrapper {margin-right : 1.92%;margin-left : 1.92%;}}<\/style><\/div><\/div><style type=\"text\/css\">.fusion-body .fusion-flex-container.fusion-builder-row-1{ padding-top : 0px;margin-top : 0px;padding-right : 0px;padding-bottom : 0px;margin-bottom : 0px;padding-left : 0px;}<\/style><\/div>","protected":false},"excerpt":{"rendered":"","protected":false},"author":2,"featured_media":0,"parent":70,"menu_order":1,"comment_status":"closed","ping_status":"closed","template":"","meta":{"footnotes":""},"class_list":["post-189","page","type-page","status-publish","hentry"],"_links":{"self":[{"href":"https:\/\/gbhp.org\/vi\/wp-json\/wp\/v2\/pages\/189","targetHints":{"allow":["GET"]}}],"collection":[{"href":"https:\/\/gbhp.org\/vi\/wp-json\/wp\/v2\/pages"}],"about":[{"href":"https:\/\/gbhp.org\/vi\/wp-json\/wp\/v2\/types\/page"}],"author":[{"embeddable":true,"href":"https:\/\/gbhp.org\/vi\/wp-json\/wp\/v2\/users\/2"}],"replies":[{"embeddable":true,"href":"https:\/\/gbhp.org\/vi\/wp-json\/wp\/v2\/comments?post=189"}],"version-history":[{"count":0,"href":"https:\/\/gbhp.org\/vi\/wp-json\/wp\/v2\/pages\/189\/revisions"}],"up":[{"embeddable":true,"href":"https:\/\/gbhp.org\/vi\/wp-json\/wp\/v2\/pages\/70"}],"wp:attachment":[{"href":"https:\/\/gbhp.org\/vi\/wp-json\/wp\/v2\/media?parent=189"}],"curies":[{"name":"wp","href":"https:\/\/api.w.org\/{rel}","templated":true}]}}