{"id":165,"date":"2022-10-03T09:16:38","date_gmt":"2022-10-03T16:16:38","guid":{"rendered":"https:\/\/goldenbayhp.wpengine.com\/?page_id=165"},"modified":"2023-12-26T10:24:20","modified_gmt":"2023-12-26T18:24:20","slug":"um","status":"publish","type":"page","link":"https:\/\/gbhp.org\/vi\/for-providers\/um\/","title":{"rendered":"UM"},"content":{"rendered":"<div class=\"fusion-fullwidth fullwidth-box fusion-builder-row-1 fusion-flex-container has-pattern-background has-mask-background nonhundred-percent-fullwidth non-hundred-percent-height-scrolling\" style=\"background-color: rgba(255,255,255,0);background-position: center center;background-repeat: no-repeat;border-width: 0px 0px 0px 0px;border-color:var(--awb-color3);border-style:solid;\" ><div class=\"fusion-builder-row fusion-row fusion-flex-align-items-flex-start\" style=\"max-width:1248px;margin-left: calc(-4% \/ 2 );margin-right: calc(-4% \/ 2 );\"><div class=\"fusion-layout-column fusion_builder_column fusion-builder-column-0 fusion_builder_column_1_1 1_1 fusion-flex-column\"><div class=\"fusion-column-wrapper fusion-flex-justify-content-flex-start fusion-content-layout-column\" style=\"background-position:left top;background-repeat:no-repeat;-webkit-background-size:cover;-moz-background-size:cover;-o-background-size:cover;background-size:cover;padding: 0px 0px 0px 0px;\"><div class=\"fusion-text fusion-text-1\"><p><strong>K\u1ebf ho\u1ea1ch ch\u0103m s\u00f3c s\u1ee9c kh\u1ecfe Golden Bay<\/strong> \u1ee7y quy\u1ec1n tr\u01b0\u1edbc y\u00eau c\u1ea7u x\u1eed l\u00fd cho <strong>T\u1ed5 ch\u1ee9c d\u1ecbch v\u1ee5 qu\u1ea3n l\u00fd d\u1ecbch v\u1ee5 y t\u1ebf \u0110\u00f4ng B\u1eafc<\/strong> (NEMS MSO). M\u1ecdi quy\u1ebft \u0111\u1ecbnh c\u1ee7a UM \u0111\u1ec1u d\u1ef1a tr\u00ean ph\u1ea1m vi quy\u1ec1n l\u1ee3i c\u1ee7a th\u00e0nh vi\u00ean v\u00e0 t\u00ednh ph\u00f9 h\u1ee3p c\u1ee7a c\u00e1c d\u1ecbch v\u1ee5.<\/p>\n<h5>S\u1ef1 s\u1eb5n c\u00f3 c\u1ee7a nh\u00e2n vi\u00ean UM<\/h5>\n<p>Nh\u00e2n vi\u00ean c\u1ee7a NEMS MSO UM s\u1eb5n s\u00e0ng ph\u1ee5c v\u1ee5 c\u00e1c th\u00e0nh vi\u00ean v\u00e0 nh\u00e0 cung c\u1ea5p trong gi\u1edd l\u00e0m vi\u1ec7c th\u00f4ng th\u01b0\u1eddng (Th\u1ee9 Hai \u0111\u1ebfn Th\u1ee9 S\u00e1u, 8:00 s\u00e1ng \u2013 5:30 chi\u1ec1u) b\u1eb1ng c\u00e1ch g\u1ecdi \u0111i\u1ec7n tho\u1ea1i <a href=\"tel:14153525186\"><strong>1(415) 352-5186<\/strong><\/a>, T\u00f9y ch\u1ecdn 1. \u0110\u1ec3 th\u1ea3o lu\u1eadn v\u1ec1 c\u00e1c v\u1ea5n \u0111\u1ec1 UM v\u00e0 quy\u1ebft \u0111\u1ecbnh t\u1eeb ch\u1ed1i, ho\u1eb7c \u0111\u1ec3 y\u00eau c\u1ea7u m\u1ed9t b\u1ea3n sao c\u1ee7a c\u00e1c ch\u00ednh s\u00e1ch, th\u1ee7 t\u1ee5c v\u00e0 ti\u00eau ch\u00ed UM, vui l\u00f2ng g\u1ecdi <a href=\"tel:14153525186\"><strong>1(415) 352-5186<\/strong><\/a>, T\u00f9y ch\u1ecdn 1. Sau gi\u1edd l\u00e0m vi\u1ec7c b\u00ecnh th\u01b0\u1eddng, nh\u00e2n vi\u00ean UM c\u00f3 th\u1ec3 nh\u1eadn \u0111\u01b0\u1ee3c th\u01b0 tho\u1ea1i v\u00e0 fax an to\u00e0n. Vui l\u00f2ng fax b\u1ea5t k\u1ef3 t\u00e0i li\u1ec7u n\u00e0o li\u00ean quan \u0111\u1ebfn UM \u0111\u1ebfn \u0111\u01b0\u1eddng d\u00e2y fax NEMS MSO UM <strong>1(415) 398-2895<\/strong>.<\/p>\n<h5>N\u1ed9p y\u00eau c\u1ea7u \u1ee7y quy\u1ec1n tr\u01b0\u1edbc<\/h5>\n<p>M\u1ecdi y\u00eau c\u1ea7u v\u1ec1 Gi\u1ea5y ph\u00e9p tr\u01b0\u1edbc v\u00e0 c\u00e1c t\u00e0i li\u1ec7u l\u00e2m s\u00e0ng h\u1ed7 tr\u1ee3 c\u00f3 th\u1ec3 \u0111\u01b0\u1ee3c g\u1eedi qua fax \u0111\u1ebfn \u0111\u01b0\u1eddng d\u00e2y fax c\u1ee7a NEMS MSO UM theo \u0111\u1ecba ch\u1ec9 <strong>1(415) 398-2895<\/strong> ho\u1eb7c th\u00f4ng qua <a href=\"https:\/\/eznet.nems.org\/EZ-NET60\/Login.aspx\" target=\"_blank\" rel=\"noopener\"><strong>C\u1ed5ng th\u00f4ng tin nh\u00e0 cung c\u1ea5p NEMS MSO (EZ-NET)<\/strong><\/a>.<\/p>\n<\/div><div class=\"fusion-builder-row fusion-builder-row-inner fusion-row fusion-flex-align-items-flex-start\" style=\"width:104% !important;max-width:104% !important;margin-left: calc(-4% \/ 2 );margin-right: calc(-4% \/ 2 );\"><div class=\"fusion-layout-column fusion_builder_column_inner fusion-builder-nested-column-0 fusion_builder_column_inner_1_6 1_6 fusion-flex-column\"><div class=\"fusion-column-wrapper fusion-flex-justify-content-flex-start fusion-content-layout-column\" style=\"background-position:left top;background-repeat:no-repeat;-webkit-background-size:cover;-moz-background-size:cover;-o-background-size:cover;background-size:cover;padding: 0px 0px 0px 0px;\"><\/div><style type=\"text\/css\">.fusion-body .fusion-builder-nested-column-0{width:16.6666666667% !important;margin-top : 0px;margin-bottom : 0px;}.fusion-builder-nested-column-0 > .fusion-column-wrapper {padding-top : 0px !important;padding-right : 0px !important;margin-right : 11.52%;padding-bottom : 0px !important;padding-left : 0px !important;margin-left : 11.52%;}@media only screen and (max-width:1024px) {.fusion-body .fusion-builder-nested-column-0{width:16.6666666667% !important;order : 0;}.fusion-builder-nested-column-0 > .fusion-column-wrapper {margin-right : 11.52%;margin-left : 11.52%;}}@media only screen and (max-width:640px) {.fusion-body .fusion-builder-nested-column-0{width:100% !important;order : 0;}.fusion-builder-nested-column-0 > .fusion-column-wrapper {margin-right : 1.92%;margin-left : 1.92%;}}<\/style><\/div><div class=\"fusion-layout-column fusion_builder_column_inner fusion-builder-nested-column-1 fusion_builder_column_inner_1_3 1_3 fusion-flex-column\"><div class=\"fusion-column-wrapper fusion-flex-justify-content-flex-start fusion-content-layout-column\" style=\"background-position:left top;background-repeat:no-repeat;-webkit-background-size:cover;-moz-background-size:cover;-o-background-size:cover;background-size:cover;padding: 0px 0px 0px 0px;\"><div ><style>.fusion-body .fusion-button.button-1{border-radius:0 0 0 0;}<\/style><a class=\"fusion-button button-flat button-xlarge button-default button-1 fusion-button-default-span fusion-button-default-type\" target=\"_blank\" rel=\"noopener noreferrer\" href=\"https:\/\/eznet.nems.org\/EZ-NET60\/Login.aspx\"><i class=\"fa-database fas button-icon-left\" aria-hidden=\"true\"><\/i><span class=\"fusion-button-text\">C\u1ed5ng th\u00f4ng tin nh\u00e0 cung c\u1ea5p NEMS MSO<\/span><\/a><\/div><\/div><style type=\"text\/css\">.fusion-body .fusion-builder-nested-column-1{width:33.3333333333% !important;margin-top : 0px;margin-bottom : 10px;}.fusion-builder-nested-column-1 > .fusion-column-wrapper {padding-top : 0px !important;padding-right : 0px !important;margin-right : 5.76%;padding-bottom : 0px !important;padding-left : 0px !important;margin-left : 5.76%;}@media only screen and (max-width:1024px) {.fusion-body .fusion-builder-nested-column-1{width:33.3333333333% !important;order : 0;}.fusion-builder-nested-column-1 > .fusion-column-wrapper {margin-right : 5.76%;margin-left : 5.76%;}}@media only screen and (max-width:640px) {.fusion-body .fusion-builder-nested-column-1{width:100% !important;order : 0;}.fusion-builder-nested-column-1 > .fusion-column-wrapper {margin-right : 1.92%;margin-left : 1.92%;}}<\/style><\/div><div class=\"fusion-layout-column fusion_builder_column_inner fusion-builder-nested-column-2 fusion_builder_column_inner_1_3 1_3 fusion-flex-column\"><div class=\"fusion-column-wrapper fusion-flex-justify-content-flex-start fusion-content-layout-column\" style=\"background-position:left top;background-repeat:no-repeat;-webkit-background-size:cover;-moz-background-size:cover;-o-background-size:cover;background-size:cover;padding: 0px 0px 0px 0px;\"><div ><style>.fusion-body .fusion-button.button-2{border-radius:0 0 0 0;}<\/style><a class=\"fusion-button button-flat button-xlarge button-default button-2 fusion-button-default-span fusion-button-default-type\" target=\"_blank\" rel=\"noopener noreferrer\" href=\"https:\/\/nemsmso.org\/wp-content\/uploads\/Treatment_Authorization_Form-112023_fillable.pdf\"><i class=\"fa-file-pdf fas button-icon-left\" aria-hidden=\"true\"><\/i><span class=\"fusion-button-text\">M\u1eabu y\u00eau c\u1ea7u \u1ee7y quy\u1ec1n<\/span><\/a><\/div><\/div><style type=\"text\/css\">.fusion-body .fusion-builder-nested-column-2{width:33.3333333333% !important;margin-top : 0px;margin-bottom : 0px;}.fusion-builder-nested-column-2 > .fusion-column-wrapper {padding-top : 0px !important;padding-right : 0px !important;margin-right : 5.76%;padding-bottom : 0px !important;padding-left : 0px !important;margin-left : 5.76%;}@media only screen and (max-width:1024px) {.fusion-body .fusion-builder-nested-column-2{width:33.3333333333% !important;order : 0;}.fusion-builder-nested-column-2 > .fusion-column-wrapper {margin-right : 5.76%;margin-left : 5.76%;}}@media only screen and (max-width:640px) {.fusion-body .fusion-builder-nested-column-2{width:100% !important;order : 0;}.fusion-builder-nested-column-2 > .fusion-column-wrapper {margin-right : 1.92%;margin-left : 1.92%;}}<\/style><\/div><div class=\"fusion-layout-column fusion_builder_column_inner fusion-builder-nested-column-3 fusion_builder_column_inner_1_6 1_6 fusion-flex-column\"><div class=\"fusion-column-wrapper fusion-flex-justify-content-flex-start fusion-content-layout-column\" style=\"background-position:left top;background-repeat:no-repeat;-webkit-background-size:cover;-moz-background-size:cover;-o-background-size:cover;background-size:cover;padding: 0px 0px 0px 0px;\"><\/div><style type=\"text\/css\">.fusion-body .fusion-builder-nested-column-3{width:16.6666666667% !important;margin-top : 0px;margin-bottom : 0px;}.fusion-builder-nested-column-3 > .fusion-column-wrapper {padding-top : 0px !important;padding-right : 0px !important;margin-right : 11.52%;padding-bottom : 0px !important;padding-left : 0px !important;margin-left : 11.52%;}@media only screen and (max-width:1024px) {.fusion-body .fusion-builder-nested-column-3{width:16.6666666667% !important;order : 0;}.fusion-builder-nested-column-3 > .fusion-column-wrapper {margin-right : 11.52%;margin-left : 11.52%;}}@media only screen and (max-width:640px) {.fusion-body .fusion-builder-nested-column-3{width:100% !important;order : 0;}.fusion-builder-nested-column-3 > .fusion-column-wrapper {margin-right : 1.92%;margin-left : 1.92%;}}<\/style><\/div><\/div><div class=\"fusion-text fusion-text-2\"><h5>Th\u1eddi gian x\u1eed l\u00fd TAR<\/h5>\n<p>Th\u1eddi gian x\u1eed l\u00fd chu\u1ea9n cho vi\u1ec7c c\u1ea5p ph\u00e9p tr\u01b0\u1edbc nh\u01b0 sau:<\/p>\n<\/div>\n<div class=\"table-1\" style=\"margin-bottom:25px;\">\n<table width=\"100%\">\n<thead>\n<tr>\n<th align=\"left\"><\/th>\n<th align=\"left\">Thu\u1ed9c v\u1ec1 y h\u1ecdc<\/th>\n<th align=\"left\">B\u1ea3o hi\u1ec3m y t\u1ebf<\/th>\n<\/tr>\n<\/thead>\n<tbody>\n<tr>\n<td align=\"left\">Y\u00eau c\u1ea7u th\u01b0\u1eddng l\u1ec7<\/td>\n<td align=\"left\">N\u0103m (5) ng\u00e0y l\u00e0m vi\u1ec7c<\/td>\n<td align=\"left\">M\u01b0\u1eddi b\u1ed1n (14) ng\u00e0y d\u01b0\u01a1ng l\u1ecbch<\/td>\n<\/tr>\n<tr>\n<td align=\"left\">Y\u00eau c\u1ea7u kh\u1ea9n c\u1ea5p<\/td>\n<td align=\"left\">Trong v\u00f2ng b\u1ea3y m\u01b0\u01a1i hai (72) gi\u1edd k\u1ec3 t\u1eeb khi nh\u1eadn \u0111\u01b0\u1ee3c<\/td>\n<td align=\"left\">Trong v\u00f2ng b\u1ea3y m\u01b0\u01a1i hai (72) gi\u1edd k\u1ec3 t\u1eeb khi nh\u1eadn \u0111\u01b0\u1ee3c<\/td>\n<\/tr>\n<tr>\n<td align=\"left\">Y\u00eau c\u1ea7u h\u1ed3i c\u1ee9u<\/td>\n<td align=\"left\">Ba m\u01b0\u01a1i (30) ng\u00e0y d\u01b0\u01a1ng l\u1ecbch k\u1ec3 t\u1eeb ng\u00e0y nh\u1eadn<\/td>\n<td align=\"left\">Kh\u00f4ng \u0111\u01b0\u1ee3c ch\u1ea5p nh\u1eadn cho Medicare<\/td>\n<\/tr>\n<\/tbody>\n<\/table>\n<\/div>\n<div class=\"fusion-text fusion-text-3 fusion-text-no-margin\" style=\"margin-bottom:0px;\"><p>\u0110\u1ec3 bi\u1ebft th\u00eam th\u00f4ng tin, vui l\u00f2ng truy c\u1eadp <a href=\"https:\/\/www.nemsmso.org\/prior-authorizations\/\" target=\"_blank\" rel=\"noopener\"><strong>Trang web NEMS MSO<\/strong><\/a>.<\/p>\n<\/div><\/div><style type=\"text\/css\">.fusion-body .fusion-builder-column-0{width:100% !important;margin-top : 0px;margin-bottom : 20px;}.fusion-builder-column-0 > .fusion-column-wrapper {padding-top : 0px !important;padding-right : 0px !important;margin-right : 1.92%;padding-bottom : 0px !important;padding-left : 0px !important;margin-left : 1.92%;}@media only screen and (max-width:1024px) {.fusion-body .fusion-builder-column-0{width:100% !important;order : 0;}.fusion-builder-column-0 > .fusion-column-wrapper {margin-right : 1.92%;margin-left : 1.92%;}}@media only screen and (max-width:640px) {.fusion-body .fusion-builder-column-0{width:100% !important;order : 0;}.fusion-builder-column-0 > .fusion-column-wrapper {margin-right : 1.92%;margin-left : 1.92%;}}<\/style><\/div><\/div><style type=\"text\/css\">.fusion-body .fusion-flex-container.fusion-builder-row-1{ padding-top : 0px;margin-top : 0px;padding-right : 0px;padding-bottom : 0px;margin-bottom : 0px;padding-left : 0px;}<\/style><\/div>","protected":false},"excerpt":{"rendered":"","protected":false},"author":2,"featured_media":0,"parent":70,"menu_order":2,"comment_status":"closed","ping_status":"closed","template":"","meta":{"footnotes":""},"class_list":["post-165","page","type-page","status-publish","hentry"],"_links":{"self":[{"href":"https:\/\/gbhp.org\/vi\/wp-json\/wp\/v2\/pages\/165","targetHints":{"allow":["GET"]}}],"collection":[{"href":"https:\/\/gbhp.org\/vi\/wp-json\/wp\/v2\/pages"}],"about":[{"href":"https:\/\/gbhp.org\/vi\/wp-json\/wp\/v2\/types\/page"}],"author":[{"embeddable":true,"href":"https:\/\/gbhp.org\/vi\/wp-json\/wp\/v2\/users\/2"}],"replies":[{"embeddable":true,"href":"https:\/\/gbhp.org\/vi\/wp-json\/wp\/v2\/comments?post=165"}],"version-history":[{"count":0,"href":"https:\/\/gbhp.org\/vi\/wp-json\/wp\/v2\/pages\/165\/revisions"}],"up":[{"embeddable":true,"href":"https:\/\/gbhp.org\/vi\/wp-json\/wp\/v2\/pages\/70"}],"wp:attachment":[{"href":"https:\/\/gbhp.org\/vi\/wp-json\/wp\/v2\/media?parent=165"}],"curies":[{"name":"wp","href":"https:\/\/api.w.org\/{rel}","templated":true}]}}