{"id":151,"date":"2022-10-03T08:53:28","date_gmt":"2022-10-03T15:53:28","guid":{"rendered":"https:\/\/goldenbayhp.wpengine.com\/?page_id=151"},"modified":"2022-11-22T17:26:09","modified_gmt":"2022-11-23T01:26:09","slug":"become-a-member","status":"publish","type":"page","link":"https:\/\/gbhp.org\/vi\/for-members\/become-a-member\/","title":{"rendered":"L\u00e0m th\u1ebf n\u00e0o \u0111\u1ec3 tr\u1edf th\u00e0nh th\u00e0nh vi\u00ean"},"content":{"rendered":"<div class=\"fusion-fullwidth fullwidth-box fusion-builder-row-1 fusion-flex-container has-pattern-background has-mask-background nonhundred-percent-fullwidth non-hundred-percent-height-scrolling\" style=\"background-color: rgba(255,255,255,0);background-position: center center;background-repeat: no-repeat;border-width: 0px 0px 0px 0px;border-color:var(--awb-color3);border-style:solid;\" ><div class=\"fusion-builder-row fusion-row fusion-flex-align-items-center\" style=\"max-width:1248px;margin-left: calc(-4% \/ 2 );margin-right: calc(-4% \/ 2 );\"><div class=\"fusion-layout-column fusion_builder_column fusion-builder-column-0 fusion_builder_column_1_2 1_2 fusion-flex-column fusion-animated\" data-animationtype=\"fadeInLeft\" data-animationduration=\"1.0\" data-animationoffset=\"top-into-view\"><div class=\"fusion-column-wrapper fusion-flex-justify-content-flex-start fusion-content-layout-column\" style=\"background-position:left top;background-repeat:no-repeat;-webkit-background-size:cover;-moz-background-size:cover;-o-background-size:cover;background-size:cover;padding: 0px 0px 0px 0px;\"><div class=\"fusion-text fusion-text-1\"><h5>Tr\u1edf th\u00e0nh th\u00e0nh vi\u00ean c\u1ee7a GBHP d\u1ec5 nh\u01b0 \u0111\u1ebfm 1, 2 v\u00e0 3!<\/h5>\n<\/div><ul class=\"fusion-checklist fusion-checklist-1 fusion-checklist-divider\" style=\"font-size:15px;line-height:25.5px;\"><li style=\"border-bottom-color:rgba(249,212,14,0.35);background-color:rgba(255,255,255,0);\" class=\"fusion-li-item\"><span style=\"height:25.5px;width:25.5px;margin-right:10.5px;\" class=\"icon-wrapper circle-no\"><i class=\"fusion-li-icon fa-check-circle fas\" style=\"color:var(--awb-color6);\" aria-hidden=\"true\"><\/i><\/span><div class=\"fusion-li-item-content\" style=\"margin-left:36px;color:var(--awb-color7);\">\n<p>\u0110\u0103ng k\u00fd m\u1ed9t trong c\u00e1c ch\u01b0\u01a1ng tr\u00ecnh b\u1ea3o hi\u1ec3m s\u1ee9c kh\u1ecfe theo h\u1ee3p \u0111\u1ed3ng c\u1ee7a ch\u00fang t\u00f4i<\/p>\n<ul>\n<li><strong>Wellcare c\u1ee7a Health Net<\/strong><\/li>\n<\/ul>\n<\/div><\/li><li style=\"border-bottom-color:rgba(249,212,14,0.35);background-color:rgba(255,255,255,0);\" class=\"fusion-li-item\"><span style=\"height:25.5px;width:25.5px;margin-right:10.5px;\" class=\"icon-wrapper circle-no\"><i class=\"fusion-li-icon fa-check-circle fas\" style=\"color:var(--awb-color6);\" aria-hidden=\"true\"><\/i><\/span><div class=\"fusion-li-item-content\" style=\"margin-left:36px;color:var(--awb-color7);\">\n<p>Ch\u1ecdn Nh\u00e0 cung c\u1ea5p d\u1ecbch v\u1ee5 ch\u0103m s\u00f3c ch\u00ednh (PCP) t\u1eeb m\u1ea1ng l\u01b0\u1edbi c\u1ee7a ch\u00fang t\u00f4i<\/p>\n<p>GBHP k\u00fd h\u1ee3p \u0111\u1ed3ng v\u1edbi North East Medical Services (NEMS) \u0111\u1ec3 cung c\u1ea5p c\u00e1c d\u1ecbch v\u1ee5 ch\u0103m s\u00f3c s\u1ee9c kh\u1ecfe ban \u0111\u1ea7u. NEMS cung c\u1ea5p c\u00e1c d\u1ecbch v\u1ee5 ch\u0103m s\u00f3c s\u1ee9c kh\u1ecfe to\u00e0n di\u1ec7n, c\u00f3 n\u0103ng l\u1ef1c ng\u00f4n ng\u1eef v\u00e0 nh\u1ea1y c\u1ea3m v\u1ec1 m\u1eb7t v\u0103n h\u00f3a b\u1eb1ng nhi\u1ec1u ng\u00f4n ng\u1eef v\u00e0 ph\u01b0\u01a1ng ng\u1eef, bao g\u1ed3m ti\u1ebfng Anh, ti\u1ebfng Qu\u1ea3ng \u0110\u00f4ng, ti\u1ebfng Quan Tho\u1ea1i, ti\u1ebfng Toishan, ti\u1ebfng Vi\u1ec7t, ti\u1ebfng Mi\u1ebfn \u0110i\u1ec7n, ti\u1ebfng H\u00e0n, ti\u1ebfng T\u00e2y Ban Nha v\u00e0 ti\u1ebfng Hindi. NEMS c\u00f3 13 ph\u00f2ng kh\u00e1m tr\u00ean kh\u1eafp Qu\u1eadn San Francisco. Nh\u1ea5p v\u00e0o <a href=\"https:\/\/nems.org\/about-us\/#locations\">\u0111\u00e2y<\/a> \u0111\u1ec3 t\u00ecm v\u1ecb tr\u00ed thu\u1eadn ti\u1ec7n g\u1ea7n b\u1ea1n.<\/p>\n<\/div><\/li><li style=\"border-bottom-color:rgba(249,212,14,0.35);background-color:rgba(255,255,255,0);\" class=\"fusion-li-item\"><span style=\"height:25.5px;width:25.5px;margin-right:10.5px;\" class=\"icon-wrapper circle-no\"><i class=\"fusion-li-icon fa-check-circle fas\" style=\"color:var(--awb-color6);\" aria-hidden=\"true\"><\/i><\/span><div class=\"fusion-li-item-content\" style=\"margin-left:36px;color:var(--awb-color7);\">\n<p>H\u00e3y b\u1eaft \u0111\u1ea7u t\u1eadn h\u01b0\u1edfng d\u1ecbch v\u1ee5 ch\u0103m s\u00f3c s\u1ee9c kh\u1ecfe t\u1eeb tr\u00e1i tim!<\/p>\n<\/div><\/li><\/ul><\/div><style type=\"text\/css\">.fusion-body .fusion-builder-column-0{width:50% !important;margin-top : 0px;margin-bottom : 20px;}.fusion-builder-column-0 > .fusion-column-wrapper {padding-top : 0px !important;padding-right : 0px !important;margin-right : 3.84%;padding-bottom : 0px !important;padding-left : 0px !important;margin-left : 3.84%;}@media only screen and (max-width:1024px) {.fusion-body .fusion-builder-column-0{width:50% !important;order : 0;}.fusion-builder-column-0 > .fusion-column-wrapper {margin-right : 3.84%;margin-left : 3.84%;}}@media only screen and (max-width:640px) {.fusion-body .fusion-builder-column-0{width:100% !important;order : 0;}.fusion-builder-column-0 > .fusion-column-wrapper {margin-right : 1.92%;margin-left : 1.92%;}}<\/style><\/div><div class=\"fusion-layout-column fusion_builder_column fusion-builder-column-1 fusion_builder_column_1_2 1_2 fusion-flex-column\"><div class=\"fusion-column-wrapper fusion-flex-justify-content-flex-start fusion-content-layout-column\" style=\"background-position:left top;background-repeat:no-repeat;-webkit-background-size:cover;-moz-background-size:cover;-o-background-size:cover;background-size:cover;padding: 0px 0px 0px 0px;\"><div class=\"fusion-no-small-visibility\"><span class=\"fusion-imageframe imageframe-none imageframe-1 hover-type-none fusion-animated fusion-no-small-visibility\" data-animationtype=\"fadeInRight\" data-animationduration=\"0.8\" data-animationoffset=\"top-into-view\"><img decoding=\"async\" width=\"900\" height=\"856\" title=\"img-tr\u1edf-th\u00e0nh-th\u00e0nh-vi\u00ean\" src=\"https:\/\/goldenbayhp.wpengine.com\/wp-content\/uploads\/img-become-member.png\" alt class=\"img-responsive wp-image-155\" srcset=\"https:\/\/gbhp.org\/wp-content\/uploads\/img-become-member-200x190.png 200w, https:\/\/gbhp.org\/wp-content\/uploads\/img-become-member-400x380.png 400w, https:\/\/gbhp.org\/wp-content\/uploads\/img-become-member-600x571.png 600w, https:\/\/gbhp.org\/wp-content\/uploads\/img-become-member-800x761.png 800w, https:\/\/gbhp.org\/wp-content\/uploads\/img-become-member.png 900w\" sizes=\"(max-width: 640px) 100vw, 600px\" \/><\/span><\/div><\/div><style type=\"text\/css\">.fusion-body .fusion-builder-column-1{width:50% !important;margin-top : 0px;margin-bottom : 0px;}.fusion-builder-column-1 > .fusion-column-wrapper {padding-top : 0px !important;padding-right : 0px !important;margin-right : 3.84%;padding-bottom : 0px !important;padding-left : 0px !important;margin-left : 3.84%;}@media only screen and (max-width:1024px) {.fusion-body .fusion-builder-column-1{width:50% !important;order : 0;}.fusion-builder-column-1 > .fusion-column-wrapper {margin-right : 3.84%;margin-left : 3.84%;}}@media only screen and (max-width:640px) {.fusion-body .fusion-builder-column-1{width:100% !important;order : 0;}.fusion-builder-column-1 > .fusion-column-wrapper {margin-right : 1.92%;margin-left : 1.92%;}}<\/style><\/div><\/div><style type=\"text\/css\">.fusion-body .fusion-flex-container.fusion-builder-row-1{ padding-top : 0px;margin-top : 0px;padding-right : 0px;padding-bottom : 0px;margin-bottom : 0px;padding-left : 0px;}<\/style><\/div>","protected":false},"excerpt":{"rendered":"","protected":false},"author":2,"featured_media":0,"parent":72,"menu_order":1,"comment_status":"closed","ping_status":"closed","template":"","meta":{"footnotes":""},"class_list":["post-151","page","type-page","status-publish","hentry"],"_links":{"self":[{"href":"https:\/\/gbhp.org\/vi\/wp-json\/wp\/v2\/pages\/151","targetHints":{"allow":["GET"]}}],"collection":[{"href":"https:\/\/gbhp.org\/vi\/wp-json\/wp\/v2\/pages"}],"about":[{"href":"https:\/\/gbhp.org\/vi\/wp-json\/wp\/v2\/types\/page"}],"author":[{"embeddable":true,"href":"https:\/\/gbhp.org\/vi\/wp-json\/wp\/v2\/users\/2"}],"replies":[{"embeddable":true,"href":"https:\/\/gbhp.org\/vi\/wp-json\/wp\/v2\/comments?post=151"}],"version-history":[{"count":0,"href":"https:\/\/gbhp.org\/vi\/wp-json\/wp\/v2\/pages\/151\/revisions"}],"up":[{"embeddable":true,"href":"https:\/\/gbhp.org\/vi\/wp-json\/wp\/v2\/pages\/72"}],"wp:attachment":[{"href":"https:\/\/gbhp.org\/vi\/wp-json\/wp\/v2\/media?parent=151"}],"curies":[{"name":"wp","href":"https:\/\/api.w.org\/{rel}","templated":true}]}}